{"id":2044,"date":"2025-03-17T22:48:28","date_gmt":"2025-03-18T04:48:28","guid":{"rendered":"https:\/\/sinmurosnewscalifornia.com\/?page_id=2044"},"modified":"2025-03-17T22:59:58","modified_gmt":"2025-03-18T04:59:58","slug":"california-y-sonora-firman-una-nueva-alianza-para-impulso-de-acciones-transfronterizas","status":"publish","type":"page","link":"https:\/\/sinmurosnewscalifornia.com\/?page_id=2044","title":{"rendered":"California y Sonora firman una nueva alianza para impulso de acciones transfronterizas"},"content":{"rendered":"<p><em><strong><img loading=\"lazy\" decoding=\"async\" data-attachment-id=\"2048\" data-permalink=\"https:\/\/sinmurosnewscalifornia.com\/?attachment_id=2048\" data-orig-file=\"https:\/\/i0.wp.com\/sinmurosnewscalifornia.com\/wp-content\/uploads\/2025\/03\/unnamed-2025-03-17T223702.890.jpg?fit=1080%2C720&amp;ssl=1\" data-orig-size=\"1080,720\" data-comments-opened=\"1\" data-image-meta=\"{&quot;aperture&quot;:&quot;0&quot;,&quot;credit&quot;:&quot;&quot;,&quot;camera&quot;:&quot;&quot;,&quot;caption&quot;:&quot;&quot;,&quot;created_timestamp&quot;:&quot;0&quot;,&quot;copyright&quot;:&quot;&quot;,&quot;focal_length&quot;:&quot;0&quot;,&quot;iso&quot;:&quot;0&quot;,&quot;shutter_speed&quot;:&quot;0&quot;,&quot;title&quot;:&quot;&quot;,&quot;orientation&quot;:&quot;0&quot;}\" data-image-title=\"unnamed &amp;#8211; 2025-03-17T223702.890\" data-image-description=\"\" data-image-caption=\"\" data-medium-file=\"https:\/\/i0.wp.com\/sinmurosnewscalifornia.com\/wp-content\/uploads\/2025\/03\/unnamed-2025-03-17T223702.890.jpg?fit=300%2C200&amp;ssl=1\" data-large-file=\"https:\/\/i0.wp.com\/sinmurosnewscalifornia.com\/wp-content\/uploads\/2025\/03\/unnamed-2025-03-17T223702.890.jpg?fit=640%2C427&amp;ssl=1\" class=\"size-medium wp-image-2048 alignleft\" src=\"https:\/\/i0.wp.com\/sinmurosnewscalifornia.com\/wp-content\/uploads\/2025\/03\/unnamed-2025-03-17T223702.890.jpg?resize=300%2C200&#038;ssl=1\" alt=\"\" width=\"300\" height=\"200\" srcset=\"https:\/\/i0.wp.com\/sinmurosnewscalifornia.com\/wp-content\/uploads\/2025\/03\/unnamed-2025-03-17T223702.890.jpg?resize=300%2C200&amp;ssl=1 300w, https:\/\/i0.wp.com\/sinmurosnewscalifornia.com\/wp-content\/uploads\/2025\/03\/unnamed-2025-03-17T223702.890.jpg?resize=1024%2C683&amp;ssl=1 1024w, https:\/\/i0.wp.com\/sinmurosnewscalifornia.com\/wp-content\/uploads\/2025\/03\/unnamed-2025-03-17T223702.890.jpg?resize=768%2C512&amp;ssl=1 768w, https:\/\/i0.wp.com\/sinmurosnewscalifornia.com\/wp-content\/uploads\/2025\/03\/unnamed-2025-03-17T223702.890.jpg?w=1080&amp;ssl=1 1080w\" sizes=\"auto, (max-width: 300px) 100vw, 300px\" data-recalc-dims=\"1\" \/>* Se trata de acciones sobre el aire y la energ\u00eda limpia\u00a0<\/strong><\/em><\/p>\n<p><span id=\"m_1429650244791850941docs-internal-guid-710e16b1-7fff-70b2-dc69-7cde1a91e2b8\">En su visita a Sacramento, el Gobernador de California, Gavin Newsom se reuni\u00f3 hoy con una delegaci\u00f3n del estado mexicano de Sonora para establecer una nueva alianza subnacional, fomentando la diplomacia y al mismo tiempo bas\u00e1ndose en el compromiso de alcanzar sus objetivos nacionales de aire y energ\u00eda limpios.<\/span><\/p>\n<p><span id=\"m_1429650244791850941docs-internal-guid-710e16b1-7fff-70b2-dc69-7cde1a91e2b8\"><img loading=\"lazy\" decoding=\"async\" data-attachment-id=\"2047\" data-permalink=\"https:\/\/sinmurosnewscalifornia.com\/?attachment_id=2047\" data-orig-file=\"https:\/\/i0.wp.com\/sinmurosnewscalifornia.com\/wp-content\/uploads\/2025\/03\/unnamed-2025-03-17T223706.687.jpg?fit=1080%2C720&amp;ssl=1\" data-orig-size=\"1080,720\" data-comments-opened=\"1\" data-image-meta=\"{&quot;aperture&quot;:&quot;0&quot;,&quot;credit&quot;:&quot;&quot;,&quot;camera&quot;:&quot;&quot;,&quot;caption&quot;:&quot;&quot;,&quot;created_timestamp&quot;:&quot;0&quot;,&quot;copyright&quot;:&quot;&quot;,&quot;focal_length&quot;:&quot;0&quot;,&quot;iso&quot;:&quot;0&quot;,&quot;shutter_speed&quot;:&quot;0&quot;,&quot;title&quot;:&quot;&quot;,&quot;orientation&quot;:&quot;0&quot;}\" data-image-title=\"unnamed &amp;#8211; 2025-03-17T223706.687\" data-image-description=\"\" data-image-caption=\"\" data-medium-file=\"https:\/\/i0.wp.com\/sinmurosnewscalifornia.com\/wp-content\/uploads\/2025\/03\/unnamed-2025-03-17T223706.687.jpg?fit=300%2C200&amp;ssl=1\" data-large-file=\"https:\/\/i0.wp.com\/sinmurosnewscalifornia.com\/wp-content\/uploads\/2025\/03\/unnamed-2025-03-17T223706.687.jpg?fit=640%2C427&amp;ssl=1\" class=\"size-medium wp-image-2047 alignright\" src=\"https:\/\/i0.wp.com\/sinmurosnewscalifornia.com\/wp-content\/uploads\/2025\/03\/unnamed-2025-03-17T223706.687.jpg?resize=300%2C200&#038;ssl=1\" alt=\"\" width=\"300\" height=\"200\" srcset=\"https:\/\/i0.wp.com\/sinmurosnewscalifornia.com\/wp-content\/uploads\/2025\/03\/unnamed-2025-03-17T223706.687.jpg?resize=300%2C200&amp;ssl=1 300w, https:\/\/i0.wp.com\/sinmurosnewscalifornia.com\/wp-content\/uploads\/2025\/03\/unnamed-2025-03-17T223706.687.jpg?resize=1024%2C683&amp;ssl=1 1024w, https:\/\/i0.wp.com\/sinmurosnewscalifornia.com\/wp-content\/uploads\/2025\/03\/unnamed-2025-03-17T223706.687.jpg?resize=768%2C512&amp;ssl=1 768w, https:\/\/i0.wp.com\/sinmurosnewscalifornia.com\/wp-content\/uploads\/2025\/03\/unnamed-2025-03-17T223706.687.jpg?w=1080&amp;ssl=1 1080w\" sizes=\"auto, (max-width: 300px) 100vw, 300px\" data-recalc-dims=\"1\" \/>En la hist\u00f3rica Mansi\u00f3n Stanford en Sacramento, el Gobernador Newsom dio la bienvenida al Gobernador de Sonora Alfonso Durazo Monta\u00f1o. All\u00ed, California y Sonora participaron en una reuni\u00f3n bilateral, y despu\u00e9s, firmaron un Memorando de Entendimiento (MOU por sus siglas en ingl\u00e9s). El texto del memorando se <img loading=\"lazy\" decoding=\"async\" data-attachment-id=\"2046\" data-permalink=\"https:\/\/sinmurosnewscalifornia.com\/?attachment_id=2046\" data-orig-file=\"https:\/\/i0.wp.com\/sinmurosnewscalifornia.com\/wp-content\/uploads\/2025\/03\/unnamed-2025-03-17T223710.835.jpg?fit=1080%2C720&amp;ssl=1\" data-orig-size=\"1080,720\" data-comments-opened=\"1\" data-image-meta=\"{&quot;aperture&quot;:&quot;0&quot;,&quot;credit&quot;:&quot;&quot;,&quot;camera&quot;:&quot;&quot;,&quot;caption&quot;:&quot;&quot;,&quot;created_timestamp&quot;:&quot;0&quot;,&quot;copyright&quot;:&quot;&quot;,&quot;focal_length&quot;:&quot;0&quot;,&quot;iso&quot;:&quot;0&quot;,&quot;shutter_speed&quot;:&quot;0&quot;,&quot;title&quot;:&quot;&quot;,&quot;orientation&quot;:&quot;0&quot;}\" data-image-title=\"unnamed &amp;#8211; 2025-03-17T223710.835\" data-image-description=\"\" data-image-caption=\"\" data-medium-file=\"https:\/\/i0.wp.com\/sinmurosnewscalifornia.com\/wp-content\/uploads\/2025\/03\/unnamed-2025-03-17T223710.835.jpg?fit=300%2C200&amp;ssl=1\" data-large-file=\"https:\/\/i0.wp.com\/sinmurosnewscalifornia.com\/wp-content\/uploads\/2025\/03\/unnamed-2025-03-17T223710.835.jpg?fit=640%2C427&amp;ssl=1\" class=\"size-medium wp-image-2046 alignleft\" src=\"https:\/\/i0.wp.com\/sinmurosnewscalifornia.com\/wp-content\/uploads\/2025\/03\/unnamed-2025-03-17T223710.835.jpg?resize=300%2C200&#038;ssl=1\" alt=\"\" width=\"300\" height=\"200\" srcset=\"https:\/\/i0.wp.com\/sinmurosnewscalifornia.com\/wp-content\/uploads\/2025\/03\/unnamed-2025-03-17T223710.835.jpg?resize=300%2C200&amp;ssl=1 300w, https:\/\/i0.wp.com\/sinmurosnewscalifornia.com\/wp-content\/uploads\/2025\/03\/unnamed-2025-03-17T223710.835.jpg?resize=1024%2C683&amp;ssl=1 1024w, https:\/\/i0.wp.com\/sinmurosnewscalifornia.com\/wp-content\/uploads\/2025\/03\/unnamed-2025-03-17T223710.835.jpg?resize=768%2C512&amp;ssl=1 768w, https:\/\/i0.wp.com\/sinmurosnewscalifornia.com\/wp-content\/uploads\/2025\/03\/unnamed-2025-03-17T223710.835.jpg?w=1080&amp;ssl=1 1080w\" sizes=\"auto, (max-width: 300px) 100vw, 300px\" data-recalc-dims=\"1\" \/>encuentra.<\/span><\/p>\n<p>\u201cA pesar de la frontera que nos divide, California y Sonora comparten el reto com\u00fan de adaptarse a un mundo m\u00e1s c\u00e1lido y seco. Pero tambi\u00e9n compartimos un esfuerzo com\u00fan para promover soluciones reales. La alianza de hoy une a <img loading=\"lazy\" decoding=\"async\" data-attachment-id=\"2045\" data-permalink=\"https:\/\/sinmurosnewscalifornia.com\/?attachment_id=2045\" data-orig-file=\"https:\/\/i0.wp.com\/sinmurosnewscalifornia.com\/wp-content\/uploads\/2025\/03\/WhatsApp-Image-2025-03-17-at-10.40.52-PM-e1742273038138.jpeg?fit=342%2C333&amp;ssl=1\" data-orig-size=\"342,333\" data-comments-opened=\"1\" data-image-meta=\"{&quot;aperture&quot;:&quot;0&quot;,&quot;credit&quot;:&quot;&quot;,&quot;camera&quot;:&quot;&quot;,&quot;caption&quot;:&quot;&quot;,&quot;created_timestamp&quot;:&quot;0&quot;,&quot;copyright&quot;:&quot;&quot;,&quot;focal_length&quot;:&quot;0&quot;,&quot;iso&quot;:&quot;0&quot;,&quot;shutter_speed&quot;:&quot;0&quot;,&quot;title&quot;:&quot;&quot;,&quot;orientation&quot;:&quot;0&quot;}\" data-image-title=\"WhatsApp Image 2025-03-17 at 10.40.52 PM\" data-image-description=\"\" data-image-caption=\"\" data-medium-file=\"https:\/\/i0.wp.com\/sinmurosnewscalifornia.com\/wp-content\/uploads\/2025\/03\/WhatsApp-Image-2025-03-17-at-10.40.52-PM-e1742273038138.jpeg?fit=300%2C292&amp;ssl=1\" data-large-file=\"https:\/\/i0.wp.com\/sinmurosnewscalifornia.com\/wp-content\/uploads\/2025\/03\/WhatsApp-Image-2025-03-17-at-10.40.52-PM-e1742273038138.jpeg?fit=342%2C333&amp;ssl=1\" class=\"size-medium wp-image-2045 alignright\" src=\"https:\/\/i0.wp.com\/sinmurosnewscalifornia.com\/wp-content\/uploads\/2025\/03\/WhatsApp-Image-2025-03-17-at-10.40.52-PM-e1742273038138-300x292.jpeg?resize=300%2C292&#038;ssl=1\" alt=\"\" width=\"300\" height=\"292\" srcset=\"https:\/\/i0.wp.com\/sinmurosnewscalifornia.com\/wp-content\/uploads\/2025\/03\/WhatsApp-Image-2025-03-17-at-10.40.52-PM-e1742273038138.jpeg?resize=300%2C292&amp;ssl=1 300w, https:\/\/i0.wp.com\/sinmurosnewscalifornia.com\/wp-content\/uploads\/2025\/03\/WhatsApp-Image-2025-03-17-at-10.40.52-PM-e1742273038138.jpeg?w=342&amp;ssl=1 342w\" sizes=\"auto, (max-width: 300px) 100vw, 300px\" data-recalc-dims=\"1\" \/>nuestros estados para limpiar el aire y ampliar el acceso a m\u00e1s energ\u00eda limpia&#8221;, expres\u00f3 el Gobernador.<\/p>\n<p>El memorando destaca cuatro a\u00f1os de colaboraci\u00f3n entre California y Sonora para impulsar su liderazgo mediante el aumento del desarrollo de energ\u00edas limpias, el desarrollo de la resiliencia de la cadena de suministro y la expansi\u00f3n del acceso regional a las energ\u00edas renovables, entre otros aspectos.<\/p>\n<p>&#8220;Sonora y California comparten frontera y desaf\u00edos. Hoy establecemos un acuerdo con este estado, l\u00edder en crecimiento econ\u00f3mico y acciones contra el cambio clim\u00e1tico, para unir fuerzas y garantizar que las familias vivan en una regi\u00f3n pr\u00f3spera, con un mejor medio ambiente y desarrollo tecnol\u00f3gico,&#8221; dijo el Gobernador de Sonora Alfonso Durazo Monta\u00f1o. &#8220;Sonora aporta todo un desierto y el talento de su gente para hacer posible una regi\u00f3n mejor&#8221;, agreg\u00f3.<\/p>\n<p>&nbsp;<\/p>\n","protected":false},"excerpt":{"rendered":"<p>* Se trata de acciones sobre el aire y la energ\u00eda limpia\u00a0 En su visita&#8230;<\/p>\n","protected":false},"author":1,"featured_media":2047,"parent":0,"menu_order":0,"comment_status":"closed","ping_status":"closed","template":"","meta":{"footnotes":""},"class_list":["post-2044","page","type-page","status-publish","has-post-thumbnail","hentry"],"jetpack_sharing_enabled":true,"_links":{"self":[{"href":"https:\/\/sinmurosnewscalifornia.com\/index.php?rest_route=\/wp\/v2\/pages\/2044","targetHints":{"allow":["GET"]}}],"collection":[{"href":"https:\/\/sinmurosnewscalifornia.com\/index.php?rest_route=\/wp\/v2\/pages"}],"about":[{"href":"https:\/\/sinmurosnewscalifornia.com\/index.php?rest_route=\/wp\/v2\/types\/page"}],"author":[{"embeddable":true,"href":"https:\/\/sinmurosnewscalifornia.com\/index.php?rest_route=\/wp\/v2\/users\/1"}],"replies":[{"embeddable":true,"href":"https:\/\/sinmurosnewscalifornia.com\/index.php?rest_route=%2Fwp%2Fv2%2Fcomments&post=2044"}],"version-history":[{"count":1,"href":"https:\/\/sinmurosnewscalifornia.com\/index.php?rest_route=\/wp\/v2\/pages\/2044\/revisions"}],"predecessor-version":[{"id":2051,"href":"https:\/\/sinmurosnewscalifornia.com\/index.php?rest_route=\/wp\/v2\/pages\/2044\/revisions\/2051"}],"wp:featuredmedia":[{"embeddable":true,"href":"https:\/\/sinmurosnewscalifornia.com\/index.php?rest_route=\/wp\/v2\/media\/2047"}],"wp:attachment":[{"href":"https:\/\/sinmurosnewscalifornia.com\/index.php?rest_route=%2Fwp%2Fv2%2Fmedia&parent=2044"}],"curies":[{"name":"wp","href":"https:\/\/api.w.org\/{rel}","templated":true}]}}